{"id":19054,"date":"2024-11-05T13:33:47","date_gmt":"2024-11-05T13:33:47","guid":{"rendered":"https:\/\/istikbalnrw.com\/impressum\/"},"modified":"2024-11-05T14:36:18","modified_gmt":"2024-11-05T14:36:18","slug":"impressum","status":"publish","type":"page","link":"https:\/\/istikbalnrw.com\/de\/impressum\/","title":{"rendered":"Impressum"},"content":{"rendered":"\t\t<div data-elementor-type=\"wp-page\" data-elementor-id=\"19054\" class=\"elementor elementor-19054 elementor-19049\">\n\t\t\t\t<div class=\"wd-negative-gap elementor-element elementor-element-49daeb8 e-flex e-con-boxed e-con e-parent\" data-id=\"49daeb8\" data-element_type=\"container\">\n\t\t\t\t\t<div class=\"e-con-inner\">\n\t\t\t\t<div class=\"elementor-element elementor-element-934ffc7 elementor-widget elementor-widget-wd_text_block\" data-id=\"934ffc7\" data-element_type=\"widget\" data-widget_type=\"wd_text_block.default\">\n\t\t\t\t<div class=\"elementor-widget-container\">\n\t\t\t\t\t<div class=\"wd-text-block reset-last-child text-center\">\n\t\t\t\n\t\t\t<p><strong>Impressum<\/strong><br \/><br \/><strong>Gesetzliche Anbieterkennung:<\/strong><br \/><br \/><strong>Optimum M\u00f6belhandel GmbH &amp; CO.KG<br \/>Butzweilerstr. 49a<br \/>50829 K\u00f6ln<br \/>Deutschland<\/strong><br \/><strong>Telefon: 02302666666<\/strong><strong><br \/>E-Mail: <\/strong><strong>info@istikbal-nrw.de<\/strong> <br \/><strong>USt-IdNr.: DE286065214<\/strong><br \/><strong>eingetragen im Handelsregister des Amtsgerichtes K\u00f6ln<br \/>Handelsregisternummer HRA 29339<br \/><br \/>vertreten durch die pers\u00f6nlich haftende Gesellschafterin<br \/>Optimum M\u00f6belhandel Verwaltungs-GmbH<br \/>diese vertr. d. d. Gesch\u00e4ftsf\u00fchrer Mustafa Saray<\/strong><br \/><strong>Butzweilerstr. 49a,\u00a050829 K\u00f6ln,\u00a0Deutschland<br \/>eingetragen im Handelsregister des Amtsgerichtes K\u00f6ln<br \/>Handelsregisternummer HRB 76320<\/strong><br \/><br \/><br \/><br \/><br \/><br \/><strong>Alternative Streitbeilegung:<\/strong><br \/>Die Europ\u00e4ische Kommission stellt eine Plattform f\u00fcr die au\u00dfergerichtliche Online-Streitbeilegung (OS-Plattform) bereit, aufrufbar unter\u00a0<a href=\"https:\/\/ec.europa.eu\/consumers\/odr\" target=\"_blank\" rel=\"noopener\">https:\/\/ec.europa.eu\/odr<\/a>.<br \/><br \/>Wir sind nicht bereit und nicht verpflichtet, an Streitbeilegungsverfahren vor Verbraucherschlichtungsstellen teilzunehmen.<br \/><br \/><strong>Wir sind seit\u00a0<\/strong><strong>08.05.2020\u00a0<\/strong><strong>Mitglied der Initiative \"FairCommerce\".<\/strong><br \/>N\u00e4here Informationen hierzu finden Sie unter\u00a0<a href=\"https:\/\/www.haendlerbund.de\/de\/haendlerbund\/interessenvertretung\/faircommerce\" target=\"_blank\" rel=\"noopener\">www.haendlerbund.de\/faircommerce<\/a>.<\/p>\n\t\t\t\t\t<\/div>\n\t\t\t\t<\/div>\n\t\t\t\t<\/div>\n\t\t\t\t\t<\/div>\n\t\t\t\t<\/div>\n\t\t\t\t<\/div>\n\t\t","protected":false},"excerpt":{"rendered":"<p>Impressum Gesetzliche Anbieterkennung: Optimum M\u00f6belhandel GmbH &amp; CO.KGButzweilerstr. 49a50829 K\u00f6lnDeutschlandTelefon: 02302666666E-Mail: info@istikbal-nrw.de USt-IdNr.: DE286065214eingetragen im Handelsregister des Amtsgerichtes K\u00f6lnHandelsregisternummer HRA<\/p>\n","protected":false},"author":3,"featured_media":0,"parent":0,"menu_order":0,"comment_status":"closed","ping_status":"closed","template":"","meta":{"footnotes":""},"class_list":["post-19054","page","type-page","status-publish","hentry"],"_links":{"self":[{"href":"https:\/\/istikbalnrw.com\/de\/wp-json\/wp\/v2\/pages\/19054","targetHints":{"allow":["GET"]}}],"collection":[{"href":"https:\/\/istikbalnrw.com\/de\/wp-json\/wp\/v2\/pages"}],"about":[{"href":"https:\/\/istikbalnrw.com\/de\/wp-json\/wp\/v2\/types\/page"}],"author":[{"embeddable":true,"href":"https:\/\/istikbalnrw.com\/de\/wp-json\/wp\/v2\/users\/3"}],"replies":[{"embeddable":true,"href":"https:\/\/istikbalnrw.com\/de\/wp-json\/wp\/v2\/comments?post=19054"}],"version-history":[{"count":0,"href":"https:\/\/istikbalnrw.com\/de\/wp-json\/wp\/v2\/pages\/19054\/revisions"}],"wp:attachment":[{"href":"https:\/\/istikbalnrw.com\/de\/wp-json\/wp\/v2\/media?parent=19054"}],"curies":[{"name":"wp","href":"https:\/\/api.w.org\/{rel}","templated":true}]}}