{"id":16034,"date":"2022-06-02T16:54:01","date_gmt":"2022-06-02T16:54:01","guid":{"rendered":"https:\/\/istikbalnrw.com\/urun\/cool-jugendzimmerset\/"},"modified":"2022-12-26T16:45:26","modified_gmt":"2022-12-26T16:45:26","slug":"cool-jugendzimmerset","status":"publish","type":"product","link":"https:\/\/istikbalnrw.com\/de\/produkt\/cool-jugendzimmerset\/","title":{"rendered":"Cool Jugendzimmerset"},"content":{"rendered":"<h1>Produktabmessungen<\/h1>\n<ul id=\"ulDimension\">\n<li>\n<h3>3-t\u00fcriger Kleiderschrank<\/h3>\n<div id=\"DimensionTableHolder0\">\n<table>\n<tbody>\n<tr>\n<td class=\"tdTitle\">Tiefe:<\/td>\n<td>59.80 cm<\/td>\n<\/tr>\n<tr>\n<td class=\"tdTitle\">Breite:<\/td>\n<td>134.50 cm<\/td>\n<\/tr>\n<tr>\n<td class=\"tdTitle\">H\u00f6he:<\/td>\n<td>196.80 cm<\/td>\n<\/tr>\n<\/tbody>\n<\/table>\n<div class=\"clear\"><\/div>\n<\/div>\n<\/li>\n<li>\n<h3>Schreibtisch<\/h3>\n<div id=\"DimensionTableHolder1\">\n<table>\n<tbody>\n<tr>\n<td class=\"tdTitle\">Tiefe:<\/td>\n<td>65.10 cm<\/td>\n<\/tr>\n<tr>\n<td class=\"tdTitle\">Breite:<\/td>\n<td>120.20 cm<\/td>\n<\/tr>\n<tr>\n<td class=\"tdTitle\">H\u00f6he:<\/td>\n<td>75.00 cm<\/td>\n<\/tr>\n<\/tbody>\n<\/table>\n<div class=\"clear\"><\/div>\n<\/div>\n<\/li>\n<li>\n<h3>Nachttisch<\/h3>\n<div id=\"DimensionTableHolder2\">\n<table>\n<tbody>\n<tr>\n<td class=\"tdTitle\">Tiefe:<\/td>\n<td>44.80 cm<\/td>\n<\/tr>\n<tr>\n<td class=\"tdTitle\">Breite:<\/td>\n<td>47.60 cm<\/td>\n<\/tr>\n<tr>\n<td class=\"tdTitle\">H\u00f6he:<\/td>\n<td>52.20 cm<\/td>\n<\/tr>\n<\/tbody>\n<\/table>\n<div class=\"clear\"><\/div>\n<\/div>\n<\/li>\n<li>\n<h3>Etagenbett<\/h3>\n<div id=\"DimensionTableHolder3\">\n<table>\n<tbody>\n<tr>\n<td class=\"tdTitle\">Tiefe:<\/td>\n<td>95.80 cm<\/td>\n<\/tr>\n<tr>\n<td class=\"tdTitle\">Breite:<\/td>\n<td>203.40 cm<\/td>\n<\/tr>\n<tr>\n<td class=\"tdTitle\">H\u00f6he:<\/td>\n<td>176.90 cm<\/td>\n<\/tr>\n<\/tbody>\n<\/table>\n<div class=\"clear\"><\/div>\n<\/div>\n<\/li>\n<li>\n<h3>Komode<\/h3>\n<div id=\"DimensionTableHolder4\">\n<table>\n<tbody>\n<tr>\n<td class=\"tdTitle\">Tiefe:<\/td>\n<td>44.80 cm<\/td>\n<\/tr>\n<tr>\n<td class=\"tdTitle\">Breite:<\/td>\n<td>62.70 cm<\/td>\n<\/tr>\n<tr>\n<td class=\"tdTitle\">H\u00f6he:<\/td>\n<td>109.20 cm<\/td>\n<\/tr>\n<\/tbody>\n<\/table>\n<div class=\"clear\"><\/div>\n<\/div>\n<\/li>\n<li>\n<h3>100&#8217;er<\/h3>\n<div id=\"DimensionTableHolder5\">\n<table>\n<tbody>\n<tr>\n<td class=\"tdTitle\">Tiefe:<\/td>\n<td>105.00 cm<\/td>\n<\/tr>\n<tr>\n<td class=\"tdTitle\">Breite:<\/td>\n<td>105.60 cm<\/td>\n<\/tr>\n<\/tbody>\n<\/table>\n<div class=\"clear\"><\/div>\n<\/div>\n<\/li>\n<li>\n<h3>100cm Funtionsbett<\/h3>\n<div id=\"DimensionTableHolder6\">\n<table>\n<tbody>\n<tr>\n<td class=\"tdTitle\">Tiefe:<\/td>\n<td>196.30 cm<\/td>\n<\/tr>\n<tr>\n<td class=\"tdTitle\">Breite:<\/td>\n<td>105.60 cm<\/td>\n<\/tr>\n<tr>\n<td class=\"tdTitle\">H\u00f6he:<\/td>\n<td>40.50 cm<\/td>\n<\/tr>\n<\/tbody>\n<\/table>\n<div class=\"clear\"><\/div>\n<\/div>\n<\/li>\n<li>\n<h3>B\u00fccherregel<\/h3>\n<div id=\"DimensionTableHolder7\">\n<table>\n<tbody>\n<tr>\n<td class=\"tdTitle\">Tiefe:<\/td>\n<td>46.90 cm<\/td>\n<\/tr>\n<tr>\n<td class=\"tdTitle\">Breite:<\/td>\n<td>100.00 cm<\/td>\n<\/tr>\n<tr>\n<td class=\"tdTitle\">H\u00f6he:<\/td>\n<td>161.70 cm<\/td>\n<\/tr>\n<\/tbody>\n<\/table>\n<div class=\"clear\"><\/div>\n<\/div>\n<\/li>\n<li>\n<h3>Schiebet\u00fcrenschrank<\/h3>\n<div id=\"DimensionTableHolder8\">\n<table>\n<tbody>\n<tr>\n<td class=\"tdTitle\">Tiefe:<\/td>\n<td>65.60 cm<\/td>\n<\/tr>\n<tr>\n<td class=\"tdTitle\">Breite:<\/td>\n<td>144.80 cm<\/td>\n<\/tr>\n<tr>\n<td class=\"tdTitle\">H\u00f6he:<\/td>\n<td>209.90 cm<\/td>\n<\/tr>\n<\/tbody>\n<\/table>\n<div class=\"clear\"><\/div>\n<\/div>\n<\/li>\n<li>\n<h3>Schreibtisch B\u00fccherregel<\/h3>\n<div id=\"DimensionTableHolder9\">\n<table>\n<tbody>\n<tr>\n<td class=\"tdTitle\">Tiefe:<\/td>\n<td>31.00 cm<\/td>\n<\/tr>\n<tr>\n<td class=\"tdTitle\">Breite:<\/td>\n<td>120.00 cm<\/td>\n<\/tr>\n<tr>\n<td class=\"tdTitle\">H\u00f6he:<\/td>\n<td>87.90 cm<\/td>\n<\/tr>\n<\/tbody>\n<\/table>\n<\/div>\n<\/li>\n<\/ul>\n","protected":false},"excerpt":{"rendered":"<p>Produktabmessungen 3-t\u00fcriger Kleiderschrank Tiefe: 59.80 cm Breite: 134.50 cm H\u00f6he: 196.80 cm Schreibtisch Tiefe: 65.10 cm Breite: 120.20 cm H\u00f6he:<\/p>\n","protected":false},"featured_media":15181,"comment_status":"open","ping_status":"closed","template":"","meta":[],"product_brand":[],"product_cat":[179,181],"product_tag":[],"class_list":{"0":"post-16034","1":"product","2":"type-product","3":"status-publish","4":"has-post-thumbnail","6":"product_cat-jugendzimmer-sets","7":"product_cat-jugendzimmer-set","9":"first","10":"instock","11":"shipping-taxable","12":"product-type-simple"},"_links":{"self":[{"href":"https:\/\/istikbalnrw.com\/de\/wp-json\/wp\/v2\/product\/16034","targetHints":{"allow":["GET"]}}],"collection":[{"href":"https:\/\/istikbalnrw.com\/de\/wp-json\/wp\/v2\/product"}],"about":[{"href":"https:\/\/istikbalnrw.com\/de\/wp-json\/wp\/v2\/types\/product"}],"replies":[{"embeddable":true,"href":"https:\/\/istikbalnrw.com\/de\/wp-json\/wp\/v2\/comments?post=16034"}],"version-history":[{"count":0,"href":"https:\/\/istikbalnrw.com\/de\/wp-json\/wp\/v2\/product\/16034\/revisions"}],"wp:featuredmedia":[{"embeddable":true,"href":"https:\/\/istikbalnrw.com\/de\/wp-json\/wp\/v2\/media\/15181"}],"wp:attachment":[{"href":"https:\/\/istikbalnrw.com\/de\/wp-json\/wp\/v2\/media?parent=16034"}],"wp:term":[{"taxonomy":"product_brand","embeddable":true,"href":"https:\/\/istikbalnrw.com\/de\/wp-json\/wp\/v2\/product_brand?post=16034"},{"taxonomy":"product_cat","embeddable":true,"href":"https:\/\/istikbalnrw.com\/de\/wp-json\/wp\/v2\/product_cat?post=16034"},{"taxonomy":"product_tag","embeddable":true,"href":"https:\/\/istikbalnrw.com\/de\/wp-json\/wp\/v2\/product_tag?post=16034"}],"curies":[{"name":"wp","href":"https:\/\/api.w.org\/{rel}","templated":true}]}}