{"id":16046,"date":"2022-06-02T15:36:08","date_gmt":"2022-06-02T15:36:08","guid":{"rendered":"https:\/\/istikbalnrw.com\/urun\/gold-babyzimmer\/"},"modified":"2022-12-26T16:46:57","modified_gmt":"2022-12-26T16:46:57","slug":"gold-babyzimmer","status":"publish","type":"product","link":"https:\/\/istikbalnrw.com\/de\/produkt\/gold-babyzimmer\/","title":{"rendered":"Gold Babyzimmer"},"content":{"rendered":"<h1>Produktabmessungen<\/h1>\n<ul id=\"ulDimension\">\n<li>\n<h3>3-t\u00fcriger Kleiderschrank<\/h3>\n<div id=\"DimensionTableHolder0\">\n<table>\n<tbody>\n<tr>\n<td class=\"tdTitle\">Tiefe:<\/td>\n<td>65.70 cm<\/td>\n<\/tr>\n<tr>\n<td class=\"tdTitle\">Breite:<\/td>\n<td>150.30 cm<\/td>\n<\/tr>\n<tr>\n<td class=\"tdTitle\">H\u00f6he:<\/td>\n<td>207.90 cm<\/td>\n<\/tr>\n<\/tbody>\n<\/table>\n<div class=\"clear\"><\/div>\n<\/div>\n<\/li>\n<li>\n<h3>Babybett<\/h3>\n<div id=\"DimensionTableHolder1\">\n<table>\n<tbody>\n<tr>\n<td class=\"tdTitle\">Tiefe:<\/td>\n<td>85.00 cm<\/td>\n<\/tr>\n<tr>\n<td class=\"tdTitle\">Breite:<\/td>\n<td>195.60 cm<\/td>\n<\/tr>\n<tr>\n<td class=\"tdTitle\">H\u00f6he:<\/td>\n<td>105.60 cm<\/td>\n<\/tr>\n<\/tbody>\n<\/table>\n<div class=\"clear\"><\/div>\n<\/div>\n<\/li>\n<li>\n<h3>Komode<\/h3>\n<div id=\"DimensionTableHolder2\">\n<table>\n<tbody>\n<tr>\n<td class=\"tdTitle\">Tiefe:<\/td>\n<td>48.00 cm<\/td>\n<\/tr>\n<tr>\n<td class=\"tdTitle\">Breite:<\/td>\n<td>62.60 cm<\/td>\n<\/tr>\n<tr>\n<td class=\"tdTitle\">H\u00f6he:<\/td>\n<td>110.30 cm<\/td>\n<\/tr>\n<\/tbody>\n<\/table>\n<\/div>\n<\/li>\n<\/ul>\n","protected":false},"excerpt":{"rendered":"<p>Produktabmessungen 3-t\u00fcriger Kleiderschrank Tiefe: 65.70 cm Breite: 150.30 cm H\u00f6he: 207.90 cm Babybett Tiefe: 85.00 cm Breite: 195.60 cm H\u00f6he:<\/p>\n","protected":false},"featured_media":14003,"comment_status":"open","ping_status":"closed","template":"","meta":[],"product_brand":[],"product_cat":[180,179],"product_tag":[],"class_list":{"0":"post-16046","1":"product","2":"type-product","3":"status-publish","4":"has-post-thumbnail","6":"product_cat-babyzimmer-sets","7":"product_cat-jugendzimmer-sets","9":"first","10":"instock","11":"shipping-taxable","12":"product-type-simple"},"_links":{"self":[{"href":"https:\/\/istikbalnrw.com\/de\/wp-json\/wp\/v2\/product\/16046","targetHints":{"allow":["GET"]}}],"collection":[{"href":"https:\/\/istikbalnrw.com\/de\/wp-json\/wp\/v2\/product"}],"about":[{"href":"https:\/\/istikbalnrw.com\/de\/wp-json\/wp\/v2\/types\/product"}],"replies":[{"embeddable":true,"href":"https:\/\/istikbalnrw.com\/de\/wp-json\/wp\/v2\/comments?post=16046"}],"version-history":[{"count":0,"href":"https:\/\/istikbalnrw.com\/de\/wp-json\/wp\/v2\/product\/16046\/revisions"}],"wp:featuredmedia":[{"embeddable":true,"href":"https:\/\/istikbalnrw.com\/de\/wp-json\/wp\/v2\/media\/14003"}],"wp:attachment":[{"href":"https:\/\/istikbalnrw.com\/de\/wp-json\/wp\/v2\/media?parent=16046"}],"wp:term":[{"taxonomy":"product_brand","embeddable":true,"href":"https:\/\/istikbalnrw.com\/de\/wp-json\/wp\/v2\/product_brand?post=16046"},{"taxonomy":"product_cat","embeddable":true,"href":"https:\/\/istikbalnrw.com\/de\/wp-json\/wp\/v2\/product_cat?post=16046"},{"taxonomy":"product_tag","embeddable":true,"href":"https:\/\/istikbalnrw.com\/de\/wp-json\/wp\/v2\/product_tag?post=16046"}],"curies":[{"name":"wp","href":"https:\/\/api.w.org\/{rel}","templated":true}]}}