{"id":16072,"date":"2022-06-02T16:55:57","date_gmt":"2022-06-02T16:55:57","guid":{"rendered":"https:\/\/istikbalnrw.com\/urun\/serra-sclafzimmerset\/"},"modified":"2022-12-26T17:22:12","modified_gmt":"2022-12-26T17:22:12","slug":"serra-sclafzimmerset","status":"publish","type":"product","link":"https:\/\/istikbalnrw.com\/de\/produkt\/serra-sclafzimmerset\/","title":{"rendered":"Serra Sclafzimmerset"},"content":{"rendered":"<h1>Produktabmessungen<\/h1>\n<ul id=\"ulDimension\">\n<li>\n<h3>Schiebet\u00fcrenschrank<\/h3>\n<div id=\"DimensionTableHolder0\">\n<table>\n<tbody>\n<tr>\n<td class=\"tdTitle\">Tiefe:<\/td>\n<td>68.00 cm<\/td>\n<\/tr>\n<tr>\n<td class=\"tdTitle\">Breite:<\/td>\n<td>234.80 cm<\/td>\n<\/tr>\n<tr>\n<td class=\"tdTitle\">H\u00f6he:<\/td>\n<td>209.80 cm<\/td>\n<\/tr>\n<\/tbody>\n<\/table>\n<div class=\"clear\"><\/div>\n<\/div>\n<\/li>\n<li>\n<h3>6-t\u00fcriger Kleiderschrank<\/h3>\n<div id=\"DimensionTableHolder1\">\n<table>\n<tbody>\n<tr>\n<td class=\"tdTitle\">Tiefe:<\/td>\n<td>62.00 cm<\/td>\n<\/tr>\n<tr>\n<td class=\"tdTitle\">Breite:<\/td>\n<td>270.00 cm<\/td>\n<\/tr>\n<tr>\n<td class=\"tdTitle\">H\u00f6he:<\/td>\n<td>209.80 cm<\/td>\n<\/tr>\n<\/tbody>\n<\/table>\n<div class=\"clear\"><\/div>\n<\/div>\n<\/li>\n<li>\n<h3>5-t\u00fcriger Kleiderschrank<\/h3>\n<div id=\"DimensionTableHolder2\">\n<table>\n<tbody>\n<tr>\n<td class=\"tdTitle\">Tiefe:<\/td>\n<td>62.00 cm<\/td>\n<\/tr>\n<tr>\n<td class=\"tdTitle\">Breite:<\/td>\n<td>225.00 cm<\/td>\n<\/tr>\n<tr>\n<td class=\"tdTitle\">H\u00f6he:<\/td>\n<td>209.80 cm<\/td>\n<\/tr>\n<\/tbody>\n<\/table>\n<div class=\"clear\"><\/div>\n<\/div>\n<\/li>\n<li>\n<h3>Nachttisch<\/h3>\n<div id=\"TeknikBilgiler3\" class=\"TeknikBilgi\"><\/div>\n<div id=\"DimensionTableHolder3\">\n<table>\n<tbody>\n<tr>\n<td class=\"tdTitle\">Tiefe:<\/td>\n<td>45.00 cm<\/td>\n<\/tr>\n<tr>\n<td class=\"tdTitle\">Breite:<\/td>\n<td>62.60 cm<\/td>\n<\/tr>\n<tr>\n<td class=\"tdTitle\">H\u00f6he:<\/td>\n<td>54.00 cm<\/td>\n<\/tr>\n<\/tbody>\n<\/table>\n<div class=\"clear\"><\/div>\n<\/div>\n<\/li>\n<li>\n<h3>Frisiertisch<\/h3>\n<div id=\"DimensionTableHolder4\">\n<table>\n<tbody>\n<tr>\n<td class=\"tdTitle\">Tiefe:<\/td>\n<td>45.00 cm<\/td>\n<\/tr>\n<tr>\n<td class=\"tdTitle\">Breite:<\/td>\n<td>122.20 cm<\/td>\n<\/tr>\n<tr>\n<td class=\"tdTitle\">H\u00f6he:<\/td>\n<td>91.40 cm<\/td>\n<\/tr>\n<\/tbody>\n<\/table>\n<div class=\"clear\"><\/div>\n<\/div>\n<\/li>\n<li>\n<h3>Frisiertisch Spiegel<\/h3>\n<div id=\"DimensionTableHolder5\">\n<table>\n<tbody>\n<tr>\n<td class=\"tdTitle\">Breite:<\/td>\n<td>50.00 cm<\/td>\n<\/tr>\n<tr>\n<td class=\"tdTitle\">H\u00f6he:<\/td>\n<td>90.00 cm<\/td>\n<\/tr>\n<\/tbody>\n<\/table>\n<div class=\"clear\"><\/div>\n<\/div>\n<\/li>\n<li>\n<h3>160&#8217;lik Funtionsbett<\/h3>\n<div id=\"DimensionTableHolder6\">\n<table>\n<tbody>\n<tr>\n<td class=\"tdTitle\">Tiefe:<\/td>\n<td>209.40 cm<\/td>\n<\/tr>\n<tr>\n<td class=\"tdTitle\">Breite:<\/td>\n<td>166.20 cm<\/td>\n<\/tr>\n<tr>\n<td class=\"tdTitle\">H\u00f6he:<\/td>\n<td>46.20 cm<\/td>\n<\/tr>\n<\/tbody>\n<\/table>\n<div class=\"clear\"><\/div>\n<\/div>\n<\/li>\n<li>\n<h3>160&#8217;l\u0131k Funtionsbett<\/h3>\n<div id=\"DimensionTableHolder7\">\n<table>\n<tbody>\n<tr>\n<td class=\"tdTitle\">Tiefe:<\/td>\n<td>11.00 cm<\/td>\n<\/tr>\n<tr>\n<td class=\"tdTitle\">Breite:<\/td>\n<td>167.00 cm<\/td>\n<\/tr>\n<tr>\n<td class=\"tdTitle\">H\u00f6he:<\/td>\n<td>132.00 cm<\/td>\n<\/tr>\n<\/tbody>\n<\/table>\n<\/div>\n<\/li>\n<\/ul>\n","protected":false},"excerpt":{"rendered":"<p>Produktabmessungen Schiebet\u00fcrenschrank Tiefe: 68.00 cm Breite: 234.80 cm H\u00f6he: 209.80 cm 6-t\u00fcriger Kleiderschrank Tiefe: 62.00 cm Breite: 270.00 cm H\u00f6he:<\/p>\n","protected":false},"featured_media":15279,"comment_status":"open","ping_status":"closed","template":"","meta":[],"product_brand":[],"product_cat":[169],"product_tag":[],"class_list":{"0":"post-16072","1":"product","2":"type-product","3":"status-publish","4":"has-post-thumbnail","6":"product_cat-schlafzimmer-set","8":"first","9":"instock","10":"shipping-taxable","11":"product-type-simple"},"_links":{"self":[{"href":"https:\/\/istikbalnrw.com\/de\/wp-json\/wp\/v2\/product\/16072","targetHints":{"allow":["GET"]}}],"collection":[{"href":"https:\/\/istikbalnrw.com\/de\/wp-json\/wp\/v2\/product"}],"about":[{"href":"https:\/\/istikbalnrw.com\/de\/wp-json\/wp\/v2\/types\/product"}],"replies":[{"embeddable":true,"href":"https:\/\/istikbalnrw.com\/de\/wp-json\/wp\/v2\/comments?post=16072"}],"version-history":[{"count":0,"href":"https:\/\/istikbalnrw.com\/de\/wp-json\/wp\/v2\/product\/16072\/revisions"}],"wp:featuredmedia":[{"embeddable":true,"href":"https:\/\/istikbalnrw.com\/de\/wp-json\/wp\/v2\/media\/15279"}],"wp:attachment":[{"href":"https:\/\/istikbalnrw.com\/de\/wp-json\/wp\/v2\/media?parent=16072"}],"wp:term":[{"taxonomy":"product_brand","embeddable":true,"href":"https:\/\/istikbalnrw.com\/de\/wp-json\/wp\/v2\/product_brand?post=16072"},{"taxonomy":"product_cat","embeddable":true,"href":"https:\/\/istikbalnrw.com\/de\/wp-json\/wp\/v2\/product_cat?post=16072"},{"taxonomy":"product_tag","embeddable":true,"href":"https:\/\/istikbalnrw.com\/de\/wp-json\/wp\/v2\/product_tag?post=16072"}],"curies":[{"name":"wp","href":"https:\/\/api.w.org\/{rel}","templated":true}]}}