{"id":16088,"date":"2022-06-02T15:24:57","date_gmt":"2022-06-02T15:24:57","guid":{"rendered":"https:\/\/istikbalnrw.com\/urun\/elite-schlafzimmerset-2\/"},"modified":"2022-12-26T16:54:11","modified_gmt":"2022-12-26T16:54:11","slug":"elite-schlafzimmerset-2","status":"publish","type":"product","link":"https:\/\/istikbalnrw.com\/de\/produkt\/elite-schlafzimmerset-2\/","title":{"rendered":"Elite Schlafzimmerset"},"content":{"rendered":"<h1>Produktabmessungen<\/h1>\n<ul id=\"ulDimension\">\n<li>\n<h3>5-t\u00fcriger Kleiderschrank<\/h3>\n<div id=\"DimensionTableHolder0\">\n<table>\n<tbody>\n<tr>\n<td class=\"tdTitle\">Tiefe:<\/td>\n<td>62.00 cm<\/td>\n<\/tr>\n<tr>\n<td class=\"tdTitle\">Breite:<\/td>\n<td>225.20 cm<\/td>\n<\/tr>\n<tr>\n<td class=\"tdTitle\">H\u00f6he:<\/td>\n<td>214.40 cm<\/td>\n<\/tr>\n<\/tbody>\n<\/table>\n<div class=\"clear\"><\/div>\n<\/div>\n<\/li>\n<li>\n<h3>Schiebet\u00fcrenschrank<\/h3>\n<div id=\"DimensionTableHolder1\">\n<table>\n<tbody>\n<tr>\n<td class=\"tdTitle\">Tiefe:<\/td>\n<td>70.20 cm<\/td>\n<\/tr>\n<tr>\n<td class=\"tdTitle\">Breite:<\/td>\n<td>234.80 cm<\/td>\n<\/tr>\n<tr>\n<td class=\"tdTitle\">H\u00f6he:<\/td>\n<td>215.40 cm<\/td>\n<\/tr>\n<\/tbody>\n<\/table>\n<div class=\"clear\"><\/div>\n<\/div>\n<\/li>\n<li>\n<h3>160&#8217;lik Funtionsbett<\/h3>\n<div id=\"DimensionTableHolder2\">\n<table>\n<tbody>\n<tr>\n<td class=\"tdTitle\">Tiefe:<\/td>\n<td>205.40 cm<\/td>\n<\/tr>\n<tr>\n<td class=\"tdTitle\">Breite:<\/td>\n<td>165.10 cm<\/td>\n<\/tr>\n<tr>\n<td class=\"tdTitle\">H\u00f6he:<\/td>\n<td>43.10 cm<\/td>\n<\/tr>\n<\/tbody>\n<\/table>\n<div class=\"clear\"><\/div>\n<\/div>\n<\/li>\n<li>\n<h3>Frisiertisch<\/h3>\n<div id=\"DimensionTableHolder3\">\n<table>\n<tbody>\n<tr>\n<td class=\"tdTitle\">Tiefe:<\/td>\n<td>46.00 cm<\/td>\n<\/tr>\n<tr>\n<td class=\"tdTitle\">Breite:<\/td>\n<td>112.10 cm<\/td>\n<\/tr>\n<tr>\n<td class=\"tdTitle\">H\u00f6he:<\/td>\n<td>87.10 cm<\/td>\n<\/tr>\n<\/tbody>\n<\/table>\n<div class=\"clear\"><\/div>\n<\/div>\n<\/li>\n<li>\n<h3>Frisiertisch Spiegel<\/h3>\n<div id=\"DimensionTableHolder4\">\n<table>\n<tbody>\n<tr>\n<td class=\"tdTitle\">Tiefe:<\/td>\n<td>3.80 cm<\/td>\n<\/tr>\n<tr>\n<td class=\"tdTitle\">Breite:<\/td>\n<td>58.00 cm<\/td>\n<\/tr>\n<tr>\n<td class=\"tdTitle\">H\u00f6he:<\/td>\n<td>86.00 cm<\/td>\n<\/tr>\n<\/tbody>\n<\/table>\n<div class=\"clear\"><\/div>\n<\/div>\n<\/li>\n<li>\n<h3>Komode<\/h3>\n<div id=\"DimensionTableHolder5\">\n<table>\n<tbody>\n<tr>\n<td class=\"tdTitle\">Tiefe:<\/td>\n<td>46.00 cm<\/td>\n<\/tr>\n<tr>\n<td class=\"tdTitle\">Breite:<\/td>\n<td>63.40 cm<\/td>\n<\/tr>\n<tr>\n<td class=\"tdTitle\">H\u00f6he:<\/td>\n<td>118.90 cm<\/td>\n<\/tr>\n<\/tbody>\n<\/table>\n<div class=\"clear\"><\/div>\n<\/div>\n<\/li>\n<li>\n<h3>Nachttisch<\/h3>\n<div id=\"DimensionTableHolder6\">\n<table>\n<tbody>\n<tr>\n<td class=\"tdTitle\">Tiefe:<\/td>\n<td>46.00 cm<\/td>\n<\/tr>\n<tr>\n<td class=\"tdTitle\">Breite:<\/td>\n<td>63.40 cm<\/td>\n<\/tr>\n<tr>\n<td class=\"tdTitle\">H\u00f6he:<\/td>\n<td>55.30 cm<\/td>\n<\/tr>\n<\/tbody>\n<\/table>\n<div class=\"clear\"><\/div>\n<\/div>\n<\/li>\n<li>\n<h3>6-t\u00fcriger Kleiderschrank<\/h3>\n<div id=\"DimensionTableHolder7\">\n<table>\n<tbody>\n<tr>\n<td class=\"tdTitle\">Tiefe:<\/td>\n<td>62.40 cm<\/td>\n<\/tr>\n<tr>\n<td class=\"tdTitle\">Breite:<\/td>\n<td>270.20 cm<\/td>\n<\/tr>\n<tr>\n<td class=\"tdTitle\">H\u00f6he:<\/td>\n<td>215.40 cm<\/td>\n<\/tr>\n<\/tbody>\n<\/table>\n<div class=\"clear\"><\/div>\n<\/div>\n<\/li>\n<li>\n<h3>150cm Kopfteil<\/h3>\n<div id=\"DimensionTableHolder8\">\n<table>\n<tbody>\n<tr>\n<td class=\"tdTitle\">Tiefe:<\/td>\n<td>4.00 cm<\/td>\n<\/tr>\n<tr>\n<td class=\"tdTitle\">Breite:<\/td>\n<td>163.50 cm<\/td>\n<\/tr>\n<tr>\n<td class=\"tdTitle\">H\u00f6he:<\/td>\n<td>120.00 cm<\/td>\n<\/tr>\n<\/tbody>\n<\/table>\n<div class=\"clear\"><\/div>\n<\/div>\n<\/li>\n<li>\n<h3>160&#8217;l\u0131k Funtionsbett<\/h3>\n<div id=\"DimensionTableHolder9\">\n<table>\n<tbody>\n<tr>\n<td class=\"tdTitle\">Tiefe:<\/td>\n<td>4.00 cm<\/td>\n<\/tr>\n<tr>\n<td class=\"tdTitle\">Breite:<\/td>\n<td>173.50 cm<\/td>\n<\/tr>\n<tr>\n<td class=\"tdTitle\">H\u00f6he:<\/td>\n<td>120.00 cm<\/td>\n<\/tr>\n<\/tbody>\n<\/table>\n<div class=\"clear\"><\/div>\n<\/div>\n<\/li>\n<li>\n<h3>200cm Funtionsbett<\/h3>\n<div id=\"DimensionTableHolder10\">\n<table>\n<tbody>\n<tr>\n<td class=\"tdTitle\">Tiefe:<\/td>\n<td>205.40 cm<\/td>\n<\/tr>\n<tr>\n<td class=\"tdTitle\">Breite:<\/td>\n<td>205.10 cm<\/td>\n<\/tr>\n<tr>\n<td class=\"tdTitle\">H\u00f6he:<\/td>\n<td>43.10 cm<\/td>\n<\/tr>\n<\/tbody>\n<\/table>\n<\/div>\n<\/li>\n<\/ul>\n","protected":false},"excerpt":{"rendered":"<p>Produktabmessungen 5-t\u00fcriger Kleiderschrank Tiefe: 62.00 cm Breite: 225.20 cm H\u00f6he: 214.40 cm Schiebet\u00fcrenschrank Tiefe: 70.20 cm Breite: 234.80 cm H\u00f6he:<\/p>\n","protected":false},"featured_media":13745,"comment_status":"open","ping_status":"closed","template":"","meta":[],"product_brand":[],"product_cat":[169],"product_tag":[],"class_list":{"0":"post-16088","1":"product","2":"type-product","3":"status-publish","4":"has-post-thumbnail","6":"product_cat-schlafzimmer-set","8":"first","9":"instock","10":"shipping-taxable","11":"product-type-simple"},"_links":{"self":[{"href":"https:\/\/istikbalnrw.com\/de\/wp-json\/wp\/v2\/product\/16088","targetHints":{"allow":["GET"]}}],"collection":[{"href":"https:\/\/istikbalnrw.com\/de\/wp-json\/wp\/v2\/product"}],"about":[{"href":"https:\/\/istikbalnrw.com\/de\/wp-json\/wp\/v2\/types\/product"}],"replies":[{"embeddable":true,"href":"https:\/\/istikbalnrw.com\/de\/wp-json\/wp\/v2\/comments?post=16088"}],"version-history":[{"count":0,"href":"https:\/\/istikbalnrw.com\/de\/wp-json\/wp\/v2\/product\/16088\/revisions"}],"wp:featuredmedia":[{"embeddable":true,"href":"https:\/\/istikbalnrw.com\/de\/wp-json\/wp\/v2\/media\/13745"}],"wp:attachment":[{"href":"https:\/\/istikbalnrw.com\/de\/wp-json\/wp\/v2\/media?parent=16088"}],"wp:term":[{"taxonomy":"product_brand","embeddable":true,"href":"https:\/\/istikbalnrw.com\/de\/wp-json\/wp\/v2\/product_brand?post=16088"},{"taxonomy":"product_cat","embeddable":true,"href":"https:\/\/istikbalnrw.com\/de\/wp-json\/wp\/v2\/product_cat?post=16088"},{"taxonomy":"product_tag","embeddable":true,"href":"https:\/\/istikbalnrw.com\/de\/wp-json\/wp\/v2\/product_tag?post=16088"}],"curies":[{"name":"wp","href":"https:\/\/api.w.org\/{rel}","templated":true}]}}