{"id":16143,"date":"2022-06-02T15:23:01","date_gmt":"2022-06-02T15:23:01","guid":{"rendered":"https:\/\/istikbalnrw.com\/urun\/elite-esszimmerset\/"},"modified":"2022-12-26T12:30:03","modified_gmt":"2022-12-26T12:30:03","slug":"elite-esszimmerset","status":"publish","type":"product","link":"https:\/\/istikbalnrw.com\/de\/produkt\/elite-esszimmerset\/","title":{"rendered":"Elite Esszimmerset"},"content":{"rendered":"<h1>Produktabmessungen<\/h1>\n<ul id=\"ulDimension\">\n<li>\n<h3>Schaufenster<\/h3>\n<div id=\"TeknikBilgiler0\" class=\"TeknikBilgi\"><img decoding=\"async\" src=\"https:\/\/www.istikbal.com.tr\/files\/pi\/dimension\/9327-37.jpg\"><\/div>\n<div id=\"DimensionTableHolder0\">\n<table>\n<tbody>\n<tr>\n<td class=\"tdTitle\">Tiefe:<\/td>\n<td>46.00 cm<\/td>\n<\/tr>\n<tr>\n<td class=\"tdTitle\">Breite:<\/td>\n<td>110.40 cm<\/td>\n<\/tr>\n<tr>\n<td class=\"tdTitle\">H\u00f6he:<\/td>\n<td>167.20 cm<\/td>\n<\/tr>\n<\/tbody>\n<\/table>\n<div class=\"clear\"><\/div>\n<\/div>\n<\/li>\n<li>\n<h3>Schrank<\/h3>\n<div id=\"TeknikBilgiler1\" class=\"TeknikBilgi\"><img decoding=\"async\" src=\"https:\/\/www.istikbal.com.tr\/files\/pi\/dimension\/9327-38.jpg\"><\/div>\n<div id=\"DimensionTableHolder1\">\n<table>\n<tbody>\n<tr>\n<td class=\"tdTitle\">Tiefe:<\/td>\n<td>46.00 cm<\/td>\n<\/tr>\n<tr>\n<td class=\"tdTitle\">Breite:<\/td>\n<td>185.40 cm<\/td>\n<\/tr>\n<tr>\n<td class=\"tdTitle\">H\u00f6he:<\/td>\n<td>862.00 cm<\/td>\n<\/tr>\n<\/tbody>\n<\/table>\n<div class=\"clear\"><\/div>\n<\/div>\n<\/li>\n<li>\n<h3>Schrankspiegel<\/h3>\n<div id=\"TeknikBilgiler2\" class=\"TeknikBilgi\"><img decoding=\"async\" src=\"https:\/\/www.istikbal.com.tr\/files\/pi\/dimension\/9327-39.jpg\"><\/div>\n<div id=\"DimensionTableHolder2\">\n<table>\n<tbody>\n<tr>\n<td class=\"tdTitle\">Tiefe:<\/td>\n<td>2.20 cm<\/td>\n<\/tr>\n<tr>\n<td class=\"tdTitle\">Breite:<\/td>\n<td>146.40 cm<\/td>\n<\/tr>\n<tr>\n<td class=\"tdTitle\">H\u00f6he:<\/td>\n<td>76.60 cm<\/td>\n<\/tr>\n<\/tbody>\n<\/table>\n<div class=\"clear\"><\/div>\n<\/div>\n<\/li>\n<li>\n<h3>G\u00fcm\u00fc\u015fl\u00fck<\/h3>\n<div id=\"TeknikBilgiler3\" class=\"TeknikBilgi\"><img decoding=\"async\" src=\"https:\/\/www.istikbal.com.tr\/files\/pi\/dimension\/9327-40.jpg\"><\/div>\n<div id=\"DimensionTableHolder3\">\n<table>\n<tbody>\n<tr>\n<td class=\"tdTitle\">Tiefe:<\/td>\n<td>46.00 cm<\/td>\n<\/tr>\n<tr>\n<td class=\"tdTitle\">Breite:<\/td>\n<td>60.80 cm<\/td>\n<\/tr>\n<tr>\n<td class=\"tdTitle\">H\u00f6he:<\/td>\n<td>167.20 cm<\/td>\n<\/tr>\n<\/tbody>\n<\/table>\n<div class=\"clear\"><\/div>\n<\/div>\n<\/li>\n<li>\n<h3>Esstisch<\/h3>\n<div id=\"TeknikBilgiler4\" class=\"TeknikBilgi\"><img decoding=\"async\" src=\"https:\/\/www.istikbal.com.tr\/files\/pi\/dimension\/9327-42.jpg\"><\/div>\n<div id=\"DimensionTableHolder4\">\n<table>\n<tbody>\n<tr>\n<td class=\"tdTitle\">Tiefe:<\/td>\n<td>100.00 cm<\/td>\n<\/tr>\n<tr>\n<td class=\"tdTitle\">Breite:<\/td>\n<td>206.00 cm<\/td>\n<\/tr>\n<tr>\n<td class=\"tdTitle\">H\u00f6he:<\/td>\n<td>64.60 cm<\/td>\n<\/tr>\n<\/tbody>\n<\/table>\n<div class=\"clear\"><\/div>\n<\/div>\n<\/li>\n<li>\n<h3>Plazma TV-Lowboard<\/h3>\n<div id=\"TeknikBilgiler5\" class=\"TeknikBilgi\"><img decoding=\"async\" src=\"https:\/\/www.istikbal.com.tr\/files\/pi\/dimension\/9327-76.jpg\"><\/div>\n<div id=\"DimensionTableHolder5\">\n<table>\n<tbody>\n<tr>\n<td class=\"tdTitle\">Tiefe:<\/td>\n<td>46.80 cm<\/td>\n<\/tr>\n<tr>\n<td class=\"tdTitle\">Breite:<\/td>\n<td>208.00 cm<\/td>\n<\/tr>\n<tr>\n<td class=\"tdTitle\">H\u00f6he:<\/td>\n<td>59.30 cm<\/td>\n<\/tr>\n<\/tbody>\n<\/table>\n<div class=\"clear\"><\/div>\n<\/div>\n<\/li>\n<li>\n<h3>Plazma Wohnwand<\/h3>\n<div id=\"TeknikBilgiler6\" class=\"TeknikBilgi\"><img decoding=\"async\" src=\"https:\/\/www.istikbal.com.tr\/files\/pi\/dimension\/9327-77.jpg\"><\/div>\n<div id=\"DimensionTableHolder6\">\n<table>\n<tbody>\n<tr>\n<td class=\"tdTitle\">Tiefe:<\/td>\n<td>29.90 cm<\/td>\n<\/tr>\n<tr>\n<td class=\"tdTitle\">Breite:<\/td>\n<td>208.00 cm<\/td>\n<\/tr>\n<tr>\n<td class=\"tdTitle\">H\u00f6he:<\/td>\n<td>100.00 cm<\/td>\n<\/tr>\n<\/tbody>\n<\/table>\n<div class=\"clear\"><\/div>\n<\/div>\n<\/li>\n<li>\n<h3>Stuhl (2)<\/h3>\n<div id=\"TeknikBilgiler7\" class=\"TeknikBilgi\"><img decoding=\"async\" src=\"https:\/\/www.istikbal.com.tr\/files\/pi\/dimension\/9327-133.jpg\"><\/div>\n<div id=\"DimensionTableHolder7\">\n<table>\n<tbody>\n<tr>\n<td class=\"tdTitle\">Tiefe:<\/td>\n<td>51.00 cm<\/td>\n<\/tr>\n<tr>\n<td class=\"tdTitle\">Breite:<\/td>\n<td>47.00 cm<\/td>\n<\/tr>\n<tr>\n<td class=\"tdTitle\">H\u00f6he:<\/td>\n<td>96.00 cm<\/td>\n<\/tr>\n<\/tbody>\n<\/table>\n<\/div>\n<\/li>\n<\/ul>\n","protected":false},"excerpt":{"rendered":"<p>Produktabmessungen Schaufenster Tiefe: 46.00 cm Breite: 110.40 cm H\u00f6he: 167.20 cm Schrank Tiefe: 46.00 cm Breite: 185.40 cm H\u00f6he: 862.00<\/p>\n","protected":false},"featured_media":13658,"comment_status":"open","ping_status":"closed","template":"","meta":[],"product_brand":[],"product_cat":[174,178],"product_tag":[],"class_list":{"0":"post-16143","1":"product","2":"type-product","3":"status-publish","4":"has-post-thumbnail","6":"product_cat-esszimmer","7":"product_cat-esszimmer-sets","9":"first","10":"instock","11":"shipping-taxable","12":"product-type-simple"},"_links":{"self":[{"href":"https:\/\/istikbalnrw.com\/de\/wp-json\/wp\/v2\/product\/16143","targetHints":{"allow":["GET"]}}],"collection":[{"href":"https:\/\/istikbalnrw.com\/de\/wp-json\/wp\/v2\/product"}],"about":[{"href":"https:\/\/istikbalnrw.com\/de\/wp-json\/wp\/v2\/types\/product"}],"replies":[{"embeddable":true,"href":"https:\/\/istikbalnrw.com\/de\/wp-json\/wp\/v2\/comments?post=16143"}],"version-history":[{"count":0,"href":"https:\/\/istikbalnrw.com\/de\/wp-json\/wp\/v2\/product\/16143\/revisions"}],"wp:featuredmedia":[{"embeddable":true,"href":"https:\/\/istikbalnrw.com\/de\/wp-json\/wp\/v2\/media\/13658"}],"wp:attachment":[{"href":"https:\/\/istikbalnrw.com\/de\/wp-json\/wp\/v2\/media?parent=16143"}],"wp:term":[{"taxonomy":"product_brand","embeddable":true,"href":"https:\/\/istikbalnrw.com\/de\/wp-json\/wp\/v2\/product_brand?post=16143"},{"taxonomy":"product_cat","embeddable":true,"href":"https:\/\/istikbalnrw.com\/de\/wp-json\/wp\/v2\/product_cat?post=16143"},{"taxonomy":"product_tag","embeddable":true,"href":"https:\/\/istikbalnrw.com\/de\/wp-json\/wp\/v2\/product_tag?post=16143"}],"curies":[{"name":"wp","href":"https:\/\/api.w.org\/{rel}","templated":true}]}}