{"id":16270,"date":"2022-06-02T16:48:32","date_gmt":"2022-06-02T16:48:32","guid":{"rendered":"https:\/\/istikbalnrw.com\/urun\/lena-funtionsbett\/"},"modified":"2022-12-26T13:00:08","modified_gmt":"2022-12-26T13:00:08","slug":"lena-funtionsbett","status":"publish","type":"product","link":"https:\/\/istikbalnrw.com\/de\/produkt\/lena-funtionsbett\/","title":{"rendered":"Lena Funtionsbett"},"content":{"rendered":"<div id=\"UrunOlculeri\">\n<h1>Produktabmessungen<\/h1>\n<ul id=\"ulDimension\">\n<li>\n<h3>Produktma\u00dfe<\/h3>\n<div id=\"TeknikBilgiler0\" class=\"TeknikBilgi\"><img decoding=\"async\" src=\"https:\/\/www.istikbal.com.tr\/files\/pi\/dimension\/12975-211.jpg\"><\/div>\n<\/li>\n<li>\n<h3>Produktma\u00dfe<\/h3>\n<div id=\"TeknikBilgiler1\" class=\"TeknikBilgi\"><img decoding=\"async\" src=\"https:\/\/www.istikbal.com.tr\/files\/pi\/dimension\/12975-212.jpg\"><\/div>\n<\/li>\n<\/ul>\n<\/div>\n<table id=\"tblProperty\">\n<tbody>\n<tr>\n<td class=\"GroupName\" colspan=\"2\">\n<h1>Funtionsh\u00f6he<\/h1>\n<\/td>\n<\/tr>\n<tr>\n<td class=\"PropertyName\">Liegeh\u00f6he<\/td>\n<td>26<\/td>\n<\/tr>\n<tr>\n<td class=\"PropertyName\">H\u00f6he F\u00fc\u00dfe<\/td>\n<td>15<\/td>\n<\/tr>\n<tr>\n<td class=\"PropertyName\">H\u00f6he Kopfteil<\/td>\n<td>41<\/td>\n<\/tr>\n<\/tbody>\n<\/table>\n","protected":false},"excerpt":{"rendered":"<p>Produktabmessungen Produktma\u00dfe Produktma\u00dfe Funtionsh\u00f6he Liegeh\u00f6he 26 H\u00f6he F\u00fc\u00dfe 15 H\u00f6he Kopfteil 41<\/p>\n","protected":false},"featured_media":14862,"comment_status":"open","ping_status":"closed","template":"","meta":[],"product_brand":[],"product_cat":[172,148],"product_tag":[],"class_list":{"0":"post-16270","1":"product","2":"type-product","3":"status-publish","4":"has-post-thumbnail","6":"product_cat-boxspringbett","7":"product_cat-boxspringbett-und-kopfteil","9":"first","10":"instock","11":"shipping-taxable","12":"product-type-simple"},"_links":{"self":[{"href":"https:\/\/istikbalnrw.com\/de\/wp-json\/wp\/v2\/product\/16270","targetHints":{"allow":["GET"]}}],"collection":[{"href":"https:\/\/istikbalnrw.com\/de\/wp-json\/wp\/v2\/product"}],"about":[{"href":"https:\/\/istikbalnrw.com\/de\/wp-json\/wp\/v2\/types\/product"}],"replies":[{"embeddable":true,"href":"https:\/\/istikbalnrw.com\/de\/wp-json\/wp\/v2\/comments?post=16270"}],"version-history":[{"count":0,"href":"https:\/\/istikbalnrw.com\/de\/wp-json\/wp\/v2\/product\/16270\/revisions"}],"wp:featuredmedia":[{"embeddable":true,"href":"https:\/\/istikbalnrw.com\/de\/wp-json\/wp\/v2\/media\/14862"}],"wp:attachment":[{"href":"https:\/\/istikbalnrw.com\/de\/wp-json\/wp\/v2\/media?parent=16270"}],"wp:term":[{"taxonomy":"product_brand","embeddable":true,"href":"https:\/\/istikbalnrw.com\/de\/wp-json\/wp\/v2\/product_brand?post=16270"},{"taxonomy":"product_cat","embeddable":true,"href":"https:\/\/istikbalnrw.com\/de\/wp-json\/wp\/v2\/product_cat?post=16270"},{"taxonomy":"product_tag","embeddable":true,"href":"https:\/\/istikbalnrw.com\/de\/wp-json\/wp\/v2\/product_tag?post=16270"}],"curies":[{"name":"wp","href":"https:\/\/api.w.org\/{rel}","templated":true}]}}