{"id":16273,"date":"2022-06-02T16:48:02","date_gmt":"2022-06-02T16:48:02","guid":{"rendered":"https:\/\/istikbalnrw.com\/urun\/unstress-matratze\/"},"modified":"2023-01-02T15:54:26","modified_gmt":"2023-01-02T15:54:26","slug":"unstress-matratze","status":"publish","type":"product","link":"https:\/\/istikbalnrw.com\/de\/produkt\/unstress-matratze\/","title":{"rendered":"Unstress Matratze"},"content":{"rendered":"<div id=\"ProductDescription\">\n<div id=\"ShortDescription\">Die von \u0130stikbal entwickelte Unstress-Matratze bietet Ihnen mit ihrer prallen Auflage und der beidseitigen Verwendung viele Funktionen zu einem bezahlbaren Preis.<\/div>\n<div id=\"ProductDescription\">\n<h1>Um den Stress drau\u00dfen zu lassen&#8230; Unstress<\/h1>\n<h2>Abnehmbare, waschbare Matratzen Topper.<\/h2>\n<p>Das Polster von Unstress ist abnehmbar und kann trocken gereinigt werden. Die Unstress-Matratze sorgt nicht nur f\u00fcr einen stressfreien und gesunden Schlaf, sondern auch f\u00fcr zus\u00e4tzlichen Komfort bei der Nutzung.<\/p>\n<h2>Wasserabweisende Oberfl\u00e4che<\/h2>\n<p>Bei der Unstress-Matratze ist der Stoff auf der Oberseite der Matratze unter der Auflage wasserabweisend ausger\u00fcstet. Selbst wenn die Matratze durchn\u00e4sst ist, verz\u00f6gert sie die Weitergabe der N\u00e4sse an die innere Fl\u00e4che.<\/p>\n<h2>SL-Dauerfedersystem<\/h2>\n<p>Das beste Federsystem, das f\u00fcr diejenigen entwickelt wurde, die eine voll orthop\u00e4dische und harte Matratze w\u00fcnschen, die nur in Istikbal-Matratzen zu finden ist.<\/p>\n<p>&nbsp;<\/p>\n<p>Produkth\u00f6he: 23 cm<\/p>\n<\/div>\n<p>&nbsp;<\/p>\n<p><img decoding=\"async\" src=\"https:\/\/www.istikbal.com.tr\/files\/Image\/istikbal-yatak\/unstress-kesit.jpg\" alt=\"\"><\/p>\n<\/div>\n<div id=\"PropertyImages\">\n<h1>Extrafunktionen<\/h1>\n<p><img decoding=\"async\" class=\"tPI\" src=\"https:\/\/www.istikbal.com.tr\/files\/pi\/property\/garanti.jpg\"> <img decoding=\"async\" class=\"tPI\" src=\"https:\/\/www.istikbal.com.tr\/files\/pi\/property\/su-itici-yuzey.jpg\"> <img decoding=\"async\" class=\"tPI\" src=\"https:\/\/www.istikbal.com.tr\/files\/pi\/property\/yumusak-sert.jpg\"> <img decoding=\"async\" class=\"tPI\" src=\"https:\/\/www.istikbal.com.tr\/files\/pi\/property\/sl-yay.jpg\"> <img decoding=\"async\" class=\"tPI\" src=\"https:\/\/www.istikbal.com.tr\/files\/pi\/property\/extra-rahat-ped.png\"> <img decoding=\"async\" class=\"tPI\" src=\"https:\/\/www.istikbal.com.tr\/files\/pi\/property\/orme-kiumas.png\"> <img decoding=\"async\" class=\"tPI\" src=\"https:\/\/www.istikbal.com.tr\/files\/pi\/property\/basliksiz-1.jpg\"><\/div>\n","protected":false},"excerpt":{"rendered":"<p>Die von \u0130stikbal entwickelte Unstress-Matratze bietet Ihnen mit ihrer prallen Auflage und der beidseitigen Verwendung viele Funktionen zu einem bezahlbaren<\/p>\n","protected":false},"featured_media":14827,"comment_status":"open","ping_status":"closed","template":"","meta":[],"product_brand":[],"product_cat":[148,149],"product_tag":[],"class_list":{"0":"post-16273","1":"product","2":"type-product","3":"status-publish","4":"has-post-thumbnail","6":"product_cat-boxspringbett-und-kopfteil","7":"product_cat-matratze","9":"first","10":"instock","11":"shipping-taxable","12":"product-type-simple"},"_links":{"self":[{"href":"https:\/\/istikbalnrw.com\/de\/wp-json\/wp\/v2\/product\/16273","targetHints":{"allow":["GET"]}}],"collection":[{"href":"https:\/\/istikbalnrw.com\/de\/wp-json\/wp\/v2\/product"}],"about":[{"href":"https:\/\/istikbalnrw.com\/de\/wp-json\/wp\/v2\/types\/product"}],"replies":[{"embeddable":true,"href":"https:\/\/istikbalnrw.com\/de\/wp-json\/wp\/v2\/comments?post=16273"}],"version-history":[{"count":0,"href":"https:\/\/istikbalnrw.com\/de\/wp-json\/wp\/v2\/product\/16273\/revisions"}],"wp:featuredmedia":[{"embeddable":true,"href":"https:\/\/istikbalnrw.com\/de\/wp-json\/wp\/v2\/media\/14827"}],"wp:attachment":[{"href":"https:\/\/istikbalnrw.com\/de\/wp-json\/wp\/v2\/media?parent=16273"}],"wp:term":[{"taxonomy":"product_brand","embeddable":true,"href":"https:\/\/istikbalnrw.com\/de\/wp-json\/wp\/v2\/product_brand?post=16273"},{"taxonomy":"product_cat","embeddable":true,"href":"https:\/\/istikbalnrw.com\/de\/wp-json\/wp\/v2\/product_cat?post=16273"},{"taxonomy":"product_tag","embeddable":true,"href":"https:\/\/istikbalnrw.com\/de\/wp-json\/wp\/v2\/product_tag?post=16273"}],"curies":[{"name":"wp","href":"https:\/\/api.w.org\/{rel}","templated":true}]}}