{"id":16276,"date":"2022-06-02T16:48:02","date_gmt":"2022-06-02T16:48:02","guid":{"rendered":"https:\/\/istikbalnrw.com\/urun\/detox-prime-matratze\/"},"modified":"2022-12-26T12:51:05","modified_gmt":"2022-12-26T12:51:05","slug":"detox-prime-matratze","status":"publish","type":"product","link":"https:\/\/istikbalnrw.com\/de\/produkt\/detox-prime-matratze\/","title":{"rendered":"Detox Prime Matratze"},"content":{"rendered":"<div id=\"ProductDescription\">\n<p><strong><u>Bentonite Teknologie<\/u><\/strong><\/p>\n<p>Bentonite; volkanik k\u00fcl, t\u00fcf ve lavlar\u0131n kimyasal olarak ayr\u0131\u015fmas\u0131ndan olu\u015fan bir kil t\u00fcr\u00fcd\u00fcr.<\/p>\n<p>Yo\u011fun yanarda\u011f faaliyetleri sonucu denize yay\u0131lan yanarda\u011f k\u00fclleri yava\u015f yava\u015f de\u011fi\u015fime u\u011frayarak Bentonite\u2019yi meydana getirmi\u015ftir. Ortaya \u00e7\u0131kan bu do\u011fal kil, toksin maddelerin yok edilmesine yard\u0131mc\u0131 olmas\u0131ndan dolay\u0131 detoks malzemesi olarak kullan\u0131lmaktad\u0131r.<\/p>\n<p>U\u00e7ucu organik bile\u015fikler (VOC) havadaki toksinler aras\u0131nda en \u00e7ok bilinen bile\u015fiklerdir. Bentonite i\u00e7erikli \u00f6zel kuma\u015f bu zararl\u0131 u\u00e7ucu gaz ve bile\u015fiklerin par\u00e7alanmas\u0131na yard\u0131mc\u0131 olur. Bentonite\u2019in bu \u00f6zelli\u011fi ba\u011f\u0131ms\u0131z laboratuvarlar taraf\u0131ndan test edilmi\u015ftir.<\/p>\n<p>&nbsp;<\/p>\n<p><strong>Bentonite Detox Teknolojili Yata\u011f\u0131n \u00d6zellikleri<\/strong><\/p>\n<p>Bentonite yatak kuma\u015f\u0131, bu benzersiz kilden gelen polar \u00e7ekim kuvveti sayesinde ortamda bulunan zararl\u0131 u\u00e7ucu organik bile\u015fiklerin ortamdan uzakla\u015ft\u0131r\u0131lmas\u0131na yard\u0131mc\u0131 olur; b\u00f6ylece uyku boyunca detoks etkisi sa\u011flar.<\/p>\n<p>Detoks etkili yatak kuma\u015f\u0131, tertemiz bir uyku ile g\u00fcne yenilenerek ba\u015flamaya destek olur.<\/p>\n<p>&nbsp;<\/p>\n<p>Produkth\u00f6he: 35 cm<\/p>\n<p>&nbsp;<\/p>\n<p>&nbsp;<\/p>\n<p>&nbsp;<\/p>\n<\/div>\n<div id=\"PropertyImages\">\n<h1>Extrafunktionen<\/h1>\n<p><img decoding=\"async\" class=\"tPI\" src=\"https:\/\/www.istikbal.com.tr\/files\/pi\/property\/30gun.jpg\"> <img decoding=\"async\" class=\"tPI\" src=\"https:\/\/www.istikbal.com.tr\/files\/pi\/property\/garanti.jpg\"> <img decoding=\"async\" class=\"tPI\" src=\"https:\/\/www.istikbal.com.tr\/files\/pi\/property\/ce.jpg\"> <img decoding=\"async\" class=\"tPI\" src=\"https:\/\/www.istikbal.com.tr\/files\/pi\/property\/destek-sungerler.jpg\"> <img decoding=\"async\" class=\"tPI\" src=\"https:\/\/www.istikbal.com.tr\/files\/pi\/property\/torbayay.jpg\"> <img decoding=\"async\" class=\"tPI\" src=\"https:\/\/www.istikbal.com.tr\/files\/pi\/property\/extra-rahat-ped.png\"> <img decoding=\"async\" class=\"tPI\" src=\"https:\/\/www.istikbal.com.tr\/files\/pi\/property\/orme-kiumas.png\"> <img decoding=\"async\" class=\"tPI\" src=\"https:\/\/www.istikbal.com.tr\/files\/pi\/property\/termoband-fiber.png\"> <img decoding=\"async\" class=\"tPI\" src=\"https:\/\/www.istikbal.com.tr\/files\/pi\/property\/basliksiz-1.jpg\"><\/div>\n<div class=\"clear\"><\/div>\n<div id=\"ChildProducts\">\n<h1 id=\"HeadingProductChild\" class=\"ProductDetailTitle\">Produktabmessungen<\/h1>\n<ul>\n<li id=\"207DTXP090190\">90&#215;190 cm<\/li>\n<li id=\"207DTXP090200\">90&#215;200 cm<\/li>\n<li id=\"207DTXP080190\">80&#215;190 cm<\/li>\n<li id=\"207DTXP080200\">80&#215;200 cm<\/li>\n<li id=\"207DTXP100200\">100&#215;200 cm<\/li>\n<li id=\"207DTXP120200\">120&#215;200 cm<\/li>\n<li id=\"207DTXP130190\">130&#215;190 cm<\/li>\n<li id=\"207DTXP140190\">140&#215;190 cm<\/li>\n<li id=\"207DTXP140200\">140&#215;200 cm<\/li>\n<li id=\"207DTXP150190\">150&#215;190 cm<\/li>\n<li id=\"207DTXP150200\">150&#215;200 cm<\/li>\n<li id=\"207DTXP160190\">160&#215;190 cm<\/li>\n<li id=\"207DTXP160200\">160&#215;200 cm<\/li>\n<li id=\"207DTXP180200\">180&#215;200 cm<\/li>\n<li id=\"207DTXP200200\">200&#215;200 cm<\/li>\n<li id=\"207DTXP120190\">120&#215;190 cm<\/li>\n<\/ul>\n<\/div>\n","protected":false},"excerpt":{"rendered":"<p>Bentonite Teknologie Bentonite; volkanik k\u00fcl, t\u00fcf ve lavlar\u0131n kimyasal olarak ayr\u0131\u015fmas\u0131ndan olu\u015fan bir kil t\u00fcr\u00fcd\u00fcr. Yo\u011fun yanarda\u011f faaliyetleri sonucu denize<\/p>\n","protected":false},"featured_media":14812,"comment_status":"open","ping_status":"closed","template":"","meta":[],"product_brand":[],"product_cat":[148,149],"product_tag":[],"class_list":{"0":"post-16276","1":"product","2":"type-product","3":"status-publish","4":"has-post-thumbnail","6":"product_cat-boxspringbett-und-kopfteil","7":"product_cat-matratze","9":"first","10":"instock","11":"shipping-taxable","12":"product-type-simple"},"_links":{"self":[{"href":"https:\/\/istikbalnrw.com\/de\/wp-json\/wp\/v2\/product\/16276","targetHints":{"allow":["GET"]}}],"collection":[{"href":"https:\/\/istikbalnrw.com\/de\/wp-json\/wp\/v2\/product"}],"about":[{"href":"https:\/\/istikbalnrw.com\/de\/wp-json\/wp\/v2\/types\/product"}],"replies":[{"embeddable":true,"href":"https:\/\/istikbalnrw.com\/de\/wp-json\/wp\/v2\/comments?post=16276"}],"version-history":[{"count":0,"href":"https:\/\/istikbalnrw.com\/de\/wp-json\/wp\/v2\/product\/16276\/revisions"}],"wp:featuredmedia":[{"embeddable":true,"href":"https:\/\/istikbalnrw.com\/de\/wp-json\/wp\/v2\/media\/14812"}],"wp:attachment":[{"href":"https:\/\/istikbalnrw.com\/de\/wp-json\/wp\/v2\/media?parent=16276"}],"wp:term":[{"taxonomy":"product_brand","embeddable":true,"href":"https:\/\/istikbalnrw.com\/de\/wp-json\/wp\/v2\/product_brand?post=16276"},{"taxonomy":"product_cat","embeddable":true,"href":"https:\/\/istikbalnrw.com\/de\/wp-json\/wp\/v2\/product_cat?post=16276"},{"taxonomy":"product_tag","embeddable":true,"href":"https:\/\/istikbalnrw.com\/de\/wp-json\/wp\/v2\/product_tag?post=16276"}],"curies":[{"name":"wp","href":"https:\/\/api.w.org\/{rel}","templated":true}]}}