{"id":16285,"date":"2022-06-02T15:34:46","date_gmt":"2022-06-02T15:34:46","guid":{"rendered":"https:\/\/istikbalnrw.com\/urun\/universal-funtionsbett\/"},"modified":"2022-12-26T14:26:12","modified_gmt":"2022-12-26T14:26:12","slug":"universal-boxspringbett","status":"publish","type":"product","link":"https:\/\/istikbalnrw.com\/de\/produkt\/universal-boxspringbett\/","title":{"rendered":"Universal Boxspringbett"},"content":{"rendered":"<table id=\"tblProperty\">\n<tbody>\n<tr>\n<td class=\"GroupName\" colspan=\"2\">\n<h1>Funtionsh\u00f6he<\/h1>\n<\/td>\n<\/tr>\n<tr>\n<td class=\"PropertyName\">H\u00f6he Kopfteil<\/td>\n<td>Mit festen F\u00fc\u00dfen: 30,5 cm<br \/>\nMit verstellbaren F\u00fc\u00dfen: 28 cm &#8211; 30 cm<\/td>\n<\/tr>\n<tr>\n<td class=\"PropertyName\">Liegeh\u00f6he<\/td>\n<td>22 cm<\/td>\n<\/tr>\n<tr>\n<td class=\"PropertyName\">H\u00f6he F\u00fc\u00dfe<\/td>\n<td>Es werden zwei Arten von F\u00fc\u00dfen verwendet.<br \/>\nFester Fu\u00df: 8,5 cm<br \/>\nVerstellbarer Fu\u00df: 6 cm &#8211; 8 cm<\/td>\n<\/tr>\n<\/tbody>\n<\/table>\n<div class=\"clear\"><\/div>\n<div id=\"ChildProducts\">\n<h1 id=\"HeadingProductChild\" class=\"ProductDetailTitle\">Produktma\u00dfe<\/h1>\n<ul>\n<li>80&#215;190 cm<\/li>\n<li>90&#215;190 cm<\/li>\n<li>90&#215;200 cm<\/li>\n<li>100&#215;200 cm<\/li>\n<li>120&#215;190 cm<\/li>\n<li>120&#215;200 cm<\/li>\n<li>130&#215;190 cm<\/li>\n<li>140&#215;190 cm<\/li>\n<li>140&#215;200 cm<\/li>\n<li>150&#215;190 cm<\/li>\n<li>150&#215;200 cm<\/li>\n<li>160&#215;190 cm<\/li>\n<li>160&#215;200 cm<\/li>\n<li>130&#215;200 cm<\/li>\n<li>\n \t<\/li>\n<li>80&#215;200 cm<\/li>\n<li>150&#215;200 cm Doppelbodenboxen<\/li>\n<li>160&#215;200 cm Doppelbodenboxen<\/li>\n<li>180&#215;200 cm Doppelbodenboxen<\/li>\n<li>200&#215;200 cm Doppelbodenboxen<\/li>\n<\/ul>\n<\/div>\n","protected":false},"excerpt":{"rendered":"<p>Funtionsh\u00f6he H\u00f6he Kopfteil Mit festen F\u00fc\u00dfen: 30,5 cm Mit verstellbaren F\u00fc\u00dfen: 28 cm &#8211; 30 cm Liegeh\u00f6he 22 cm H\u00f6he<\/p>\n","protected":false},"featured_media":13940,"comment_status":"open","ping_status":"closed","template":"","meta":[],"product_brand":[],"product_cat":[172,148],"product_tag":[],"class_list":{"0":"post-16285","1":"product","2":"type-product","3":"status-publish","4":"has-post-thumbnail","6":"product_cat-boxspringbett","7":"product_cat-boxspringbett-und-kopfteil","9":"first","10":"instock","11":"shipping-taxable","12":"product-type-simple"},"_links":{"self":[{"href":"https:\/\/istikbalnrw.com\/de\/wp-json\/wp\/v2\/product\/16285","targetHints":{"allow":["GET"]}}],"collection":[{"href":"https:\/\/istikbalnrw.com\/de\/wp-json\/wp\/v2\/product"}],"about":[{"href":"https:\/\/istikbalnrw.com\/de\/wp-json\/wp\/v2\/types\/product"}],"replies":[{"embeddable":true,"href":"https:\/\/istikbalnrw.com\/de\/wp-json\/wp\/v2\/comments?post=16285"}],"version-history":[{"count":0,"href":"https:\/\/istikbalnrw.com\/de\/wp-json\/wp\/v2\/product\/16285\/revisions"}],"wp:featuredmedia":[{"embeddable":true,"href":"https:\/\/istikbalnrw.com\/de\/wp-json\/wp\/v2\/media\/13940"}],"wp:attachment":[{"href":"https:\/\/istikbalnrw.com\/de\/wp-json\/wp\/v2\/media?parent=16285"}],"wp:term":[{"taxonomy":"product_brand","embeddable":true,"href":"https:\/\/istikbalnrw.com\/de\/wp-json\/wp\/v2\/product_brand?post=16285"},{"taxonomy":"product_cat","embeddable":true,"href":"https:\/\/istikbalnrw.com\/de\/wp-json\/wp\/v2\/product_cat?post=16285"},{"taxonomy":"product_tag","embeddable":true,"href":"https:\/\/istikbalnrw.com\/de\/wp-json\/wp\/v2\/product_tag?post=16285"}],"curies":[{"name":"wp","href":"https:\/\/api.w.org\/{rel}","templated":true}]}}