{"id":16289,"date":"2022-06-02T15:34:45","date_gmt":"2022-06-02T15:34:45","guid":{"rendered":"https:\/\/istikbalnrw.com\/urun\/ferro-funtionsbett\/"},"modified":"2022-12-26T12:57:11","modified_gmt":"2022-12-26T12:57:11","slug":"ferro-boxspringbett","status":"publish","type":"product","link":"https:\/\/istikbalnrw.com\/de\/produkt\/ferro-boxspringbett\/","title":{"rendered":"Ferro Funtionsbett"},"content":{"rendered":"<div id=\"UrunOlculeri\">\n<h1>Produktabmessungen<\/h1>\n<ul id=\"ulDimension\">\n<li>\n<h3>Produktma\u00dfe<\/h3>\n<div id=\"TeknikBilgiler0\" class=\"TeknikBilgi\"><img decoding=\"async\" src=\"https:\/\/www.istikbal.com.tr\/files\/pi\/dimension\/1385-211.jpg\"><\/div>\n<\/li>\n<li>\n<h3>Produktma\u00dfe<\/h3>\n<div id=\"TeknikBilgiler1\" class=\"TeknikBilgi\"><img decoding=\"async\" src=\"https:\/\/www.istikbal.com.tr\/files\/pi\/dimension\/1384-212.jpg\"><\/div>\n<\/li>\n<\/ul>\n<\/div>\n<table id=\"tblProperty\">\n<tbody>\n<tr>\n<td class=\"GroupName\" colspan=\"2\">\n<h1>Funtionsh\u00f6he<\/h1>\n<\/td>\n<\/tr>\n<tr>\n<td class=\"PropertyName\">H\u00f6he Kopfteil<\/td>\n<td>38 cm<\/td>\n<\/tr>\n<tr>\n<td class=\"PropertyName\">Liegeh\u00f6he<\/td>\n<td>31 cm<\/td>\n<\/tr>\n<tr>\n<td class=\"PropertyName\">H\u00f6he F\u00fc\u00dfe<\/td>\n<td>7 cm<\/td>\n<\/tr>\n<\/tbody>\n<\/table>\n<div class=\"clear\"><\/div>\n<div id=\"ChildProducts\">\n<h1 id=\"HeadingProductChild\" class=\"ProductDetailTitle\">Produktma\u00dfe<\/h1>\n<ul>\n<li id=\"20FERO251\">90&#215;190 cm<\/li>\n<li id=\"20FERO252\">90&#215;200 cm<\/li>\n<li id=\"20FERO253\">100&#215;200 cm<\/li>\n<li id=\"20FERO262\">120&#215;200 cm<\/li>\n<li id=\"20FERO254\">140&#215;190 cm<\/li>\n<li id=\"20FERO259\">140&#215;200 cm<\/li>\n<li id=\"20FERO261\">150&#215;190 cm<\/li>\n<li id=\"20FERO255\">150&#215;200 cm<\/li>\n<li id=\"20FERO264\">160&#215;190 cm<\/li>\n<li id=\"20FERO256\">160&#215;200 cm<\/li>\n<li id=\"20FERO257\">180&#215;200 cm<\/li>\n<li id=\"20FERO258\">200&#215;200 cm<\/li>\n<\/ul>\n<\/div>\n","protected":false},"excerpt":{"rendered":"<p>Produktabmessungen Produktma\u00dfe Produktma\u00dfe Funtionsh\u00f6he H\u00f6he Kopfteil 38 cm Liegeh\u00f6he 31 cm H\u00f6he F\u00fc\u00dfe 7 cm Produktma\u00dfe 90&#215;190 cm 90&#215;200 cm<\/p>\n","protected":false},"featured_media":13926,"comment_status":"open","ping_status":"closed","template":"","meta":[],"product_brand":[],"product_cat":[172,148],"product_tag":[],"class_list":{"0":"post-16289","1":"product","2":"type-product","3":"status-publish","4":"has-post-thumbnail","6":"product_cat-boxspringbett","7":"product_cat-boxspringbett-und-kopfteil","9":"first","10":"instock","11":"shipping-taxable","12":"product-type-simple"},"_links":{"self":[{"href":"https:\/\/istikbalnrw.com\/de\/wp-json\/wp\/v2\/product\/16289","targetHints":{"allow":["GET"]}}],"collection":[{"href":"https:\/\/istikbalnrw.com\/de\/wp-json\/wp\/v2\/product"}],"about":[{"href":"https:\/\/istikbalnrw.com\/de\/wp-json\/wp\/v2\/types\/product"}],"replies":[{"embeddable":true,"href":"https:\/\/istikbalnrw.com\/de\/wp-json\/wp\/v2\/comments?post=16289"}],"version-history":[{"count":0,"href":"https:\/\/istikbalnrw.com\/de\/wp-json\/wp\/v2\/product\/16289\/revisions"}],"wp:featuredmedia":[{"embeddable":true,"href":"https:\/\/istikbalnrw.com\/de\/wp-json\/wp\/v2\/media\/13926"}],"wp:attachment":[{"href":"https:\/\/istikbalnrw.com\/de\/wp-json\/wp\/v2\/media?parent=16289"}],"wp:term":[{"taxonomy":"product_brand","embeddable":true,"href":"https:\/\/istikbalnrw.com\/de\/wp-json\/wp\/v2\/product_brand?post=16289"},{"taxonomy":"product_cat","embeddable":true,"href":"https:\/\/istikbalnrw.com\/de\/wp-json\/wp\/v2\/product_cat?post=16289"},{"taxonomy":"product_tag","embeddable":true,"href":"https:\/\/istikbalnrw.com\/de\/wp-json\/wp\/v2\/product_tag?post=16289"}],"curies":[{"name":"wp","href":"https:\/\/api.w.org\/{rel}","templated":true}]}}