{"id":16381,"date":"2022-06-02T15:49:33","date_gmt":"2022-06-02T15:49:33","guid":{"rendered":"https:\/\/istikbalnrw.com\/urun\/molde-deluxe-sitzgarnitur\/"},"modified":"2022-06-02T15:49:33","modified_gmt":"2022-06-02T15:49:33","slug":"molde-deluxe-sitzgarnitur","status":"publish","type":"product","link":"https:\/\/istikbalnrw.com\/de\/produkt\/molde-deluxe-sitzgarnitur\/","title":{"rendered":"Molde Deluxe Sitzgarnitur"},"content":{"rendered":"<p>Retro tarz\u0131 tasar\u0131m\u0131 ile tarz\u0131n\u0131 yans\u0131tacak modern bir \u00fcr\u00fcn<br \/>\n\u00dcr\u00fcn\u00fcm\u00fcz\u00fcn s\u0131rt k\u0131sm\u0131nda yerlan kapitone uygulamas\u0131 y\u00fcksek ayak yap\u0131s\u0131 ile tasar\u0131m\u0131 farkl\u0131la\u015ft\u0131r\u0131lm\u0131\u015ft\u0131r.<\/p>\n<p>Molde \u00fcr\u00fcn\u00fcm\u00fcz\u00fcn berjerleri; son derece estetik ve farkl\u0131 tasar\u0131m\u0131 sunmaktad\u0131r<\/p>\n<p>Ayr\u0131ca, Molde Deluxe Tak\u0131m\u0131m\u0131zda ikili kanepe alternatifi yer almakta olup, dileyen t\u00fcketicilerimiz \u00fcr\u00fcn\u00fcm\u00fcz\u00fc Deluxe Oturma Grubu olarak da tercih edebileceklerdir.<\/p>\n","protected":false},"excerpt":{"rendered":"<p>Retro tarz\u0131 tasar\u0131m\u0131 ile tarz\u0131n\u0131 yans\u0131tacak modern bir \u00fcr\u00fcn \u00dcr\u00fcn\u00fcm\u00fcz\u00fcn s\u0131rt k\u0131sm\u0131nda yerlan kapitone uygulamas\u0131 y\u00fcksek ayak yap\u0131s\u0131 ile tasar\u0131m\u0131<\/p>\n","protected":false},"featured_media":14533,"comment_status":"open","ping_status":"closed","template":"","meta":[],"product_brand":[],"product_cat":[156,153],"product_tag":[],"class_list":{"0":"post-16381","1":"product","2":"type-product","3":"status-publish","4":"has-post-thumbnail","6":"product_cat-sitzgarnituren","7":"product_cat-wohnzimmer","9":"first","10":"instock","11":"shipping-taxable","12":"product-type-simple"},"_links":{"self":[{"href":"https:\/\/istikbalnrw.com\/de\/wp-json\/wp\/v2\/product\/16381","targetHints":{"allow":["GET"]}}],"collection":[{"href":"https:\/\/istikbalnrw.com\/de\/wp-json\/wp\/v2\/product"}],"about":[{"href":"https:\/\/istikbalnrw.com\/de\/wp-json\/wp\/v2\/types\/product"}],"replies":[{"embeddable":true,"href":"https:\/\/istikbalnrw.com\/de\/wp-json\/wp\/v2\/comments?post=16381"}],"version-history":[{"count":0,"href":"https:\/\/istikbalnrw.com\/de\/wp-json\/wp\/v2\/product\/16381\/revisions"}],"wp:featuredmedia":[{"embeddable":true,"href":"https:\/\/istikbalnrw.com\/de\/wp-json\/wp\/v2\/media\/14533"}],"wp:attachment":[{"href":"https:\/\/istikbalnrw.com\/de\/wp-json\/wp\/v2\/media?parent=16381"}],"wp:term":[{"taxonomy":"product_brand","embeddable":true,"href":"https:\/\/istikbalnrw.com\/de\/wp-json\/wp\/v2\/product_brand?post=16381"},{"taxonomy":"product_cat","embeddable":true,"href":"https:\/\/istikbalnrw.com\/de\/wp-json\/wp\/v2\/product_cat?post=16381"},{"taxonomy":"product_tag","embeddable":true,"href":"https:\/\/istikbalnrw.com\/de\/wp-json\/wp\/v2\/product_tag?post=16381"}],"curies":[{"name":"wp","href":"https:\/\/api.w.org\/{rel}","templated":true}]}}