{"id":16384,"date":"2022-06-02T15:49:04","date_gmt":"2022-06-02T15:49:04","guid":{"rendered":"https:\/\/istikbalnrw.com\/urun\/dynamik-maksi-sitzgarnitur\/"},"modified":"2022-12-26T17:31:48","modified_gmt":"2022-12-26T17:31:48","slug":"dynamik-maksi-sitzgarnitur","status":"publish","type":"product","link":"https:\/\/istikbalnrw.com\/de\/produkt\/dynamik-maksi-sitzgarnitur\/","title":{"rendered":"Dynamik Maksi Sitzgarnitur"},"content":{"rendered":"<p>Bir kanepe \u00e7ok \u015fey demek. Rahatl\u0131k, estetik, i\u015flevsellik, konfor.<\/p>\n<p>Dynamic Maxi Tak\u0131m 2 adet \u00fc\u00e7l\u00fc ve 2 adet tekli kanepeden olu\u015fmaktad\u0131r.<br \/>\nDynamic Oturma Grubu 1 adet \u00fc\u00e7l\u00fc, 1 adet ikili ve 2 adet tekli kanepeden olu\u015fmaktad\u0131r.<br \/>\n\u00dc\u00e7l\u00fc ve ikili kanepelerinde iki\u015fer adet k\u0131rlent bulunmaktad\u0131r.<br \/>\n\u00dc\u00e7l\u00fc ve ikili kanepeler yatak ve sand\u0131k olma fonksiyonuna sahip olup tekli \u00fcniteleri sabittir.<br \/>\nDynamic Kanepe Tak\u0131m\u0131 \u00e7e\u015fitli renk ve desenlere sahip kuma\u015f ve bu kuma\u015flarla uyumlu deri alternatifleri ile zevkinize g\u00f6re tercih edebilirsiniz.<\/p>\n<p>&nbsp;<\/p>\n<p>&nbsp;<\/p>\n<p>&nbsp;<\/p>\n<h2><\/h2>\n<p>&nbsp;<\/p>\n","protected":false},"excerpt":{"rendered":"<p>Bir kanepe \u00e7ok \u015fey demek. Rahatl\u0131k, estetik, i\u015flevsellik, konfor. Dynamic Maxi Tak\u0131m 2 adet \u00fc\u00e7l\u00fc ve 2 adet tekli kanepeden<\/p>\n","protected":false},"featured_media":14478,"comment_status":"open","ping_status":"closed","template":"","meta":[],"product_brand":[],"product_cat":[156,153],"product_tag":[],"class_list":{"0":"post-16384","1":"product","2":"type-product","3":"status-publish","4":"has-post-thumbnail","6":"product_cat-sitzgarnituren","7":"product_cat-wohnzimmer","9":"first","10":"instock","11":"shipping-taxable","12":"product-type-simple"},"_links":{"self":[{"href":"https:\/\/istikbalnrw.com\/de\/wp-json\/wp\/v2\/product\/16384","targetHints":{"allow":["GET"]}}],"collection":[{"href":"https:\/\/istikbalnrw.com\/de\/wp-json\/wp\/v2\/product"}],"about":[{"href":"https:\/\/istikbalnrw.com\/de\/wp-json\/wp\/v2\/types\/product"}],"replies":[{"embeddable":true,"href":"https:\/\/istikbalnrw.com\/de\/wp-json\/wp\/v2\/comments?post=16384"}],"version-history":[{"count":0,"href":"https:\/\/istikbalnrw.com\/de\/wp-json\/wp\/v2\/product\/16384\/revisions"}],"wp:featuredmedia":[{"embeddable":true,"href":"https:\/\/istikbalnrw.com\/de\/wp-json\/wp\/v2\/media\/14478"}],"wp:attachment":[{"href":"https:\/\/istikbalnrw.com\/de\/wp-json\/wp\/v2\/media?parent=16384"}],"wp:term":[{"taxonomy":"product_brand","embeddable":true,"href":"https:\/\/istikbalnrw.com\/de\/wp-json\/wp\/v2\/product_brand?post=16384"},{"taxonomy":"product_cat","embeddable":true,"href":"https:\/\/istikbalnrw.com\/de\/wp-json\/wp\/v2\/product_cat?post=16384"},{"taxonomy":"product_tag","embeddable":true,"href":"https:\/\/istikbalnrw.com\/de\/wp-json\/wp\/v2\/product_tag?post=16384"}],"curies":[{"name":"wp","href":"https:\/\/api.w.org\/{rel}","templated":true}]}}