{"id":16387,"date":"2022-06-02T15:48:41","date_gmt":"2022-06-02T15:48:41","guid":{"rendered":"https:\/\/istikbalnrw.com\/urun\/neva-deluxe-sitzgarnitur\/"},"modified":"2022-06-02T15:48:41","modified_gmt":"2022-06-02T15:48:41","slug":"neva-deluxe-sitzgarnitur","status":"publish","type":"product","link":"https:\/\/istikbalnrw.com\/de\/produkt\/neva-deluxe-sitzgarnitur\/","title":{"rendered":"Neva Deluxe Sitzgarnitur"},"content":{"rendered":"<p>Neva Deluxe Tak\u0131m\u0131m\u0131z, iki adet \u00fc\u00e7l\u00fc kanepe ve iki adet berjerden olu\u015fmaktad\u0131r. \u00dcr\u00fcn\u00fcm\u00fczde ikili kanepe alternatifi de bulunmakta olup, \u201cKoltuk Tak\u0131m\u0131\u201d se\u00e7ene\u011fiyle de tercih edilebilmektedir.<br \/>\nNeva Deluxe Tak\u0131m, modern \u00e7izgilere sahip olup, trend bir uyulama olan; \u00fcr\u00fcn kollar\u0131nda yer alan fitil, d\u00fc\u011fme, \u00e7ektirme, ve s\u0131rt minderi uygulamalar\u0131 ile modern bir tak\u0131m olarak tasarlanm\u0131\u015ft\u0131r.<br \/>\nNeva Deluxe tak\u0131m\u0131m\u0131z\u0131n ikili ve \u00fc\u00e7l\u00fc \u00fcniteleri yatak ve sand\u0131k olabilme \u00f6zelli\u011fine sahiptir<br \/>\n\u00dcr\u00fcn\u00fcm\u00fcz\u00fcn kanepe \u00fcnitelerinde yer alan ZeroWall mekanizmas\u0131 sayesinde; \u00fcr\u00fcn\u00fc \u00f6ne \u00e7ekmeye gerek kalmadan veya yerinden oynatmadan rahatl\u0131kla yatak konumuna getirilebilmektedir.<\/p>\n<div>\n<h2><\/h2>\n<p>&nbsp;<\/p>\n<\/div>\n<p>&nbsp;<\/p>\n","protected":false},"excerpt":{"rendered":"<p>Neva Deluxe Tak\u0131m\u0131m\u0131z, iki adet \u00fc\u00e7l\u00fc kanepe ve iki adet berjerden olu\u015fmaktad\u0131r. \u00dcr\u00fcn\u00fcm\u00fczde ikili kanepe alternatifi de bulunmakta olup, \u201cKoltuk<\/p>\n","protected":false},"featured_media":14470,"comment_status":"open","ping_status":"closed","template":"","meta":[],"product_brand":[],"product_cat":[156,153],"product_tag":[],"class_list":{"0":"post-16387","1":"product","2":"type-product","3":"status-publish","4":"has-post-thumbnail","6":"product_cat-sitzgarnituren","7":"product_cat-wohnzimmer","9":"first","10":"instock","11":"shipping-taxable","12":"product-type-simple"},"_links":{"self":[{"href":"https:\/\/istikbalnrw.com\/de\/wp-json\/wp\/v2\/product\/16387","targetHints":{"allow":["GET"]}}],"collection":[{"href":"https:\/\/istikbalnrw.com\/de\/wp-json\/wp\/v2\/product"}],"about":[{"href":"https:\/\/istikbalnrw.com\/de\/wp-json\/wp\/v2\/types\/product"}],"replies":[{"embeddable":true,"href":"https:\/\/istikbalnrw.com\/de\/wp-json\/wp\/v2\/comments?post=16387"}],"version-history":[{"count":0,"href":"https:\/\/istikbalnrw.com\/de\/wp-json\/wp\/v2\/product\/16387\/revisions"}],"wp:featuredmedia":[{"embeddable":true,"href":"https:\/\/istikbalnrw.com\/de\/wp-json\/wp\/v2\/media\/14470"}],"wp:attachment":[{"href":"https:\/\/istikbalnrw.com\/de\/wp-json\/wp\/v2\/media?parent=16387"}],"wp:term":[{"taxonomy":"product_brand","embeddable":true,"href":"https:\/\/istikbalnrw.com\/de\/wp-json\/wp\/v2\/product_brand?post=16387"},{"taxonomy":"product_cat","embeddable":true,"href":"https:\/\/istikbalnrw.com\/de\/wp-json\/wp\/v2\/product_cat?post=16387"},{"taxonomy":"product_tag","embeddable":true,"href":"https:\/\/istikbalnrw.com\/de\/wp-json\/wp\/v2\/product_tag?post=16387"}],"curies":[{"name":"wp","href":"https:\/\/api.w.org\/{rel}","templated":true}]}}